{"id":1406,"date":"2022-04-08T11:37:34","date_gmt":"2022-04-08T09:37:34","guid":{"rendered":"https:\/\/w.casa-blanco.com\/restaurant-2\/"},"modified":"2022-04-08T11:38:00","modified_gmt":"2022-04-08T09:38:00","slug":"restaurant-2","status":"publish","type":"page","link":"https:\/\/www.casa-blanco.com\/en\/restaurant-2\/","title":{"rendered":"Restaurant"},"content":{"rendered":"<p>[et_pb_section fb_built=&#8221;1&#8243; admin_label=&#8221;section&#8221; _builder_version=&#8221;4.16.0&#8243; custom_margin=&#8221;0px||||false|false&#8221; global_colors_info=&#8221;{}&#8221;][et_pb_row admin_label=&#8221;row&#8221; _builder_version=&#8221;4.16.0&#8243; background_size=&#8221;initial&#8221; background_position=&#8221;top_left&#8221; background_repeat=&#8221;repeat&#8221; custom_margin=&#8221;0px||||false|false&#8221; custom_padding=&#8221;0px||||false|false&#8221; global_colors_info=&#8221;{}&#8221;][et_pb_column type=&#8221;4_4&#8243; _builder_version=&#8221;4.16&#8243; custom_padding=&#8221;|||&#8221; global_colors_info=&#8221;{}&#8221; custom_padding__hover=&#8221;|||&#8221;][et_pb_text admin_label=&#8221;Text&#8221; _builder_version=&#8221;4.16.0&#8243; background_size=&#8221;initial&#8221; background_position=&#8221;top_left&#8221; background_repeat=&#8221;repeat&#8221; custom_margin=&#8221;0px||0px||true|false&#8221; custom_padding=&#8221;||0px||false|false&#8221; global_colors_info=&#8221;{}&#8221;]<\/p>\n<h1>Restaurant<\/h1>\n<p>[Slideshow \"restaurante\" not found][\/et_pb_text][\/et_pb_column][\/et_pb_row][\/et_pb_section]<\/p>\n","protected":false},"excerpt":{"rendered":"<p>Restaurant [Slideshow \"restaurante\" not found]<\/p>\n","protected":false},"author":2,"featured_media":0,"parent":0,"menu_order":0,"comment_status":"closed","ping_status":"closed","template":"","meta":{"_et_pb_use_builder":"on","_et_pb_old_content":"En los alrededores de CASA BLANCO hay numerosos entornos naturales con gran valor hist\u00f3rico y tur\u00edstico, entre ellos podemos destacar: <strong><img class=\"alignleft size-medium wp-image-140\" src=\"https:\/\/www.casa-blanco.com\/wp-content\/uploads\/2013\/06\/10-300x171.jpg\" alt=\"10\" width=\"300\" height=\"171\" \/>Rio Pambre<\/strong>: Importante coto de pesca tradicional de 9,2 Km. <strong>Camino de Santiago<\/strong>: Es una de rutas m\u00e1s antiguas de peregrinaje cat\u00f3lico, declarado Patrimonio de la Humanidad por la UNESCO e 1993. En la localidad de Palas de Rei confluyen la Ruta Francesa y la Ruta Primitiva. Disponemos de servicio gratuito de recogida de peregrinos desde varios\u00a0 puntos\u00a0 de encuentro entre Palas de Rei y Melide. <strong>Castillo de Pambre<\/strong>: Situado a 2 km de CASA BLANCO, se trata de la fortaleza m\u00e1s completa y caracter\u00edstica de las existentes en la provincia y una de las pocas que quedaron en pie en Galicia tras la lucha de los Irmandi\u00f1os en el S. XV. Magn\u00edfica muestra de la arquitectura militar del s. XIV, en las que se compaginan la robustez con la elegancia. Flanqueada en sus \u00e1ngulos por cuatro torres de desigual altura, dispone de una elevada muralla que la circunda, incluyendo en su interior h\u00f3rreo, diversos patios, una casa vivienda y una capilla romana. El recorrido a pie hacia el castillo de Pambre transcurre entre bosques de robles y casta\u00f1os y verdes praderas que le llevar\u00e1 a trav\u00e9s de un paisaje de colores rojizos, amarillos, verdes y piedra.<a href=\"https:\/\/www.casa-blanco.com\/wp-content\/uploads\/2013\/06\/81.jpg\"><img class=\"alignright size-medium wp-image-138\" src=\"https:\/\/www.casa-blanco.com\/wp-content\/uploads\/2013\/06\/81-300x171.jpg\" alt=\"8\" width=\"300\" height=\"171\" \/><\/a> <strong>Balneario de Pambre<\/strong>: En las proximidades se encuentra el Balneario de Pambre, cuyas aguas provienen de una fuente cercana de uso ancestral denominada \u201cFonte do leite da nai de Deus\u201d (Fuente de la leche de la madre de Dios), siendo aguas sulfuradas, fluoradas, bicarbonatadas y s\u00f3dicas de origen termal. <strong>Torrentes de M\u00e1cara<\/strong>: Se trata de la confluencia del Rio Pambre y del Rio Ulla, formado por r\u00e1pidos, peque\u00f1as cascadas y pozas, con un sendero natural que nos permitir\u00e1 disfrutar de un maravilloso lugar lleno de naturaleza y vida acu\u00e1tica, destacando la existencia de nutrias. <strong>Iglesia de San Salvador de Vilar de Donas<\/strong>: Monasterio Rom\u00e1nico m\u00e1s importante de la comarca, donada a la Orden de Santiago a finales del s. XII. Planta latina con nave principal y crucero rectangular. En su interior se encuentran numerosos sepulcros y bellos sarc\u00f3fagos, pero sobre todo destacan las pinturas murales del s,. XV, realizadas para conmemorar el a\u00f1o Jacobeo de 1.434, que representan una escena de La Asunci\u00f3n, en la que aparece la virgen se\u00f1alando un libro. <strong><a href=\"https:\/\/www.casa-blanco.com\/wp-content\/uploads\/2013\/06\/11.jpg\"><img class=\"alignleft size-medium wp-image-141\" src=\"https:\/\/www.casa-blanco.com\/wp-content\/uploads\/2013\/06\/11-300x171.jpg\" alt=\"11\" width=\"300\" height=\"171\" \/><\/a>Playa fluvial de Furelos<\/strong>: Adem\u00e1s de la opci\u00f3n de la playa fluvial, en Furelos hay habilitada una amplia zona de merendero cubierta de arbolado, cuya sombra hace m\u00e1s fresco el tiempo de ocio en verano. Pensada para los m\u00e1s peque\u00f1os, en esta \u00e1rea recreativa encontramos una zona de juegos infantiles, y los que no gusten de los ba\u00f1os en el r\u00edo, pueden decidirse por las piscinas descubiertas, sin salir del mismo recinto.","_et_gb_content_width":"","footnotes":""},"class_list":["post-1406","page","type-page","status-publish","hentry"],"yoast_head":"<!-- This site is optimized with the Yoast SEO plugin v27.4 - https:\/\/yoast.com\/product\/yoast-seo-wordpress\/ -->\n<title>Restaurant | Casa Blanco<\/title>\n<meta name=\"robots\" content=\"index, follow, max-snippet:-1, max-image-preview:large, max-video-preview:-1\" \/>\n<link rel=\"canonical\" href=\"https:\/\/www.casa-blanco.com\/en\/restaurant-2\/\" \/>\n<meta property=\"og:locale\" content=\"en_US\" \/>\n<meta property=\"og:type\" content=\"article\" \/>\n<meta property=\"og:title\" content=\"Restaurant | Casa Blanco\" \/>\n<meta property=\"og:description\" content=\"Restaurant\" \/>\n<meta property=\"og:url\" content=\"https:\/\/www.casa-blanco.com\/en\/restaurant-2\/\" \/>\n<meta property=\"og:site_name\" content=\"Casa Blanco\" \/>\n<meta property=\"article:modified_time\" content=\"2022-04-08T09:38:00+00:00\" \/>\n<meta name=\"twitter:label1\" content=\"Est. reading time\" \/>\n\t<meta name=\"twitter:data1\" content=\"1 minute\" \/>\n<script type=\"application\/ld+json\" class=\"yoast-schema-graph\">{\"@context\":\"https:\\\/\\\/schema.org\",\"@graph\":[{\"@type\":\"WebPage\",\"@id\":\"https:\\\/\\\/www.casa-blanco.com\\\/en\\\/restaurant-2\\\/\",\"url\":\"https:\\\/\\\/www.casa-blanco.com\\\/en\\\/restaurant-2\\\/\",\"name\":\"Restaurant | Casa Blanco\",\"isPartOf\":{\"@id\":\"https:\\\/\\\/www.casa-blanco.com\\\/en\\\/#website\"},\"datePublished\":\"2022-04-08T09:37:34+00:00\",\"dateModified\":\"2022-04-08T09:38:00+00:00\",\"breadcrumb\":{\"@id\":\"https:\\\/\\\/www.casa-blanco.com\\\/en\\\/restaurant-2\\\/#breadcrumb\"},\"inLanguage\":\"en-US\",\"potentialAction\":[{\"@type\":\"ReadAction\",\"target\":[\"https:\\\/\\\/www.casa-blanco.com\\\/en\\\/restaurant-2\\\/\"]}]},{\"@type\":\"BreadcrumbList\",\"@id\":\"https:\\\/\\\/www.casa-blanco.com\\\/en\\\/restaurant-2\\\/#breadcrumb\",\"itemListElement\":[{\"@type\":\"ListItem\",\"position\":1,\"name\":\"Portada\",\"item\":\"https:\\\/\\\/www.casa-blanco.com\\\/en\\\/\"},{\"@type\":\"ListItem\",\"position\":2,\"name\":\"Restaurant\"}]},{\"@type\":\"WebSite\",\"@id\":\"https:\\\/\\\/www.casa-blanco.com\\\/en\\\/#website\",\"url\":\"https:\\\/\\\/www.casa-blanco.com\\\/en\\\/\",\"name\":\"Casa Blanco\",\"description\":\"Turismo Rural\",\"publisher\":{\"@id\":\"https:\\\/\\\/www.casa-blanco.com\\\/en\\\/#organization\"},\"potentialAction\":[{\"@type\":\"SearchAction\",\"target\":{\"@type\":\"EntryPoint\",\"urlTemplate\":\"https:\\\/\\\/www.casa-blanco.com\\\/en\\\/?s={search_term_string}\"},\"query-input\":{\"@type\":\"PropertyValueSpecification\",\"valueRequired\":true,\"valueName\":\"search_term_string\"}}],\"inLanguage\":\"en-US\"},{\"@type\":\"Organization\",\"@id\":\"https:\\\/\\\/www.casa-blanco.com\\\/en\\\/#organization\",\"name\":\"Casa Blanco - Turismo Rural en Palas de Rei\",\"url\":\"https:\\\/\\\/www.casa-blanco.com\\\/en\\\/\",\"logo\":{\"@type\":\"ImageObject\",\"inLanguage\":\"en-US\",\"@id\":\"https:\\\/\\\/www.casa-blanco.com\\\/en\\\/#\\\/schema\\\/logo\\\/image\\\/\",\"url\":\"https:\\\/\\\/www.casa-blanco.com\\\/wp-content\\\/uploads\\\/2022\\\/04\\\/cropped-casa-blanco-c.png\",\"contentUrl\":\"https:\\\/\\\/www.casa-blanco.com\\\/wp-content\\\/uploads\\\/2022\\\/04\\\/cropped-casa-blanco-c.png\",\"width\":512,\"height\":512,\"caption\":\"Casa Blanco - Turismo Rural en Palas de Rei\"},\"image\":{\"@id\":\"https:\\\/\\\/www.casa-blanco.com\\\/en\\\/#\\\/schema\\\/logo\\\/image\\\/\"}}]}<\/script>\n<!-- \/ Yoast SEO plugin. -->","yoast_head_json":{"title":"Restaurant | Casa Blanco","robots":{"index":"index","follow":"follow","max-snippet":"max-snippet:-1","max-image-preview":"max-image-preview:large","max-video-preview":"max-video-preview:-1"},"canonical":"https:\/\/www.casa-blanco.com\/en\/restaurant-2\/","og_locale":"en_US","og_type":"article","og_title":"Restaurant | Casa Blanco","og_description":"Restaurant","og_url":"https:\/\/www.casa-blanco.com\/en\/restaurant-2\/","og_site_name":"Casa Blanco","article_modified_time":"2022-04-08T09:38:00+00:00","twitter_misc":{"Est. reading time":"1 minute"},"schema":{"@context":"https:\/\/schema.org","@graph":[{"@type":"WebPage","@id":"https:\/\/www.casa-blanco.com\/en\/restaurant-2\/","url":"https:\/\/www.casa-blanco.com\/en\/restaurant-2\/","name":"Restaurant | Casa Blanco","isPartOf":{"@id":"https:\/\/www.casa-blanco.com\/en\/#website"},"datePublished":"2022-04-08T09:37:34+00:00","dateModified":"2022-04-08T09:38:00+00:00","breadcrumb":{"@id":"https:\/\/www.casa-blanco.com\/en\/restaurant-2\/#breadcrumb"},"inLanguage":"en-US","potentialAction":[{"@type":"ReadAction","target":["https:\/\/www.casa-blanco.com\/en\/restaurant-2\/"]}]},{"@type":"BreadcrumbList","@id":"https:\/\/www.casa-blanco.com\/en\/restaurant-2\/#breadcrumb","itemListElement":[{"@type":"ListItem","position":1,"name":"Portada","item":"https:\/\/www.casa-blanco.com\/en\/"},{"@type":"ListItem","position":2,"name":"Restaurant"}]},{"@type":"WebSite","@id":"https:\/\/www.casa-blanco.com\/en\/#website","url":"https:\/\/www.casa-blanco.com\/en\/","name":"Casa Blanco","description":"Turismo Rural","publisher":{"@id":"https:\/\/www.casa-blanco.com\/en\/#organization"},"potentialAction":[{"@type":"SearchAction","target":{"@type":"EntryPoint","urlTemplate":"https:\/\/www.casa-blanco.com\/en\/?s={search_term_string}"},"query-input":{"@type":"PropertyValueSpecification","valueRequired":true,"valueName":"search_term_string"}}],"inLanguage":"en-US"},{"@type":"Organization","@id":"https:\/\/www.casa-blanco.com\/en\/#organization","name":"Casa Blanco - Turismo Rural en Palas de Rei","url":"https:\/\/www.casa-blanco.com\/en\/","logo":{"@type":"ImageObject","inLanguage":"en-US","@id":"https:\/\/www.casa-blanco.com\/en\/#\/schema\/logo\/image\/","url":"https:\/\/www.casa-blanco.com\/wp-content\/uploads\/2022\/04\/cropped-casa-blanco-c.png","contentUrl":"https:\/\/www.casa-blanco.com\/wp-content\/uploads\/2022\/04\/cropped-casa-blanco-c.png","width":512,"height":512,"caption":"Casa Blanco - Turismo Rural en Palas de Rei"},"image":{"@id":"https:\/\/www.casa-blanco.com\/en\/#\/schema\/logo\/image\/"}}]}},"_links":{"self":[{"href":"https:\/\/www.casa-blanco.com\/en\/wp-json\/wp\/v2\/pages\/1406","targetHints":{"allow":["GET"]}}],"collection":[{"href":"https:\/\/www.casa-blanco.com\/en\/wp-json\/wp\/v2\/pages"}],"about":[{"href":"https:\/\/www.casa-blanco.com\/en\/wp-json\/wp\/v2\/types\/page"}],"author":[{"embeddable":true,"href":"https:\/\/www.casa-blanco.com\/en\/wp-json\/wp\/v2\/users\/2"}],"replies":[{"embeddable":true,"href":"https:\/\/www.casa-blanco.com\/en\/wp-json\/wp\/v2\/comments?post=1406"}],"version-history":[{"count":0,"href":"https:\/\/www.casa-blanco.com\/en\/wp-json\/wp\/v2\/pages\/1406\/revisions"}],"wp:attachment":[{"href":"https:\/\/www.casa-blanco.com\/en\/wp-json\/wp\/v2\/media?parent=1406"}],"curies":[{"name":"wp","href":"https:\/\/api.w.org\/{rel}","templated":true}]}}